{"id":24,"date":"2019-03-07T16:52:31","date_gmt":"2019-03-07T15:52:31","guid":{"rendered":"https:\/\/www.riprope.de\/en\/?page_id=24"},"modified":"2020-08-03T09:04:11","modified_gmt":"2020-08-03T07:04:11","slug":"imprint","status":"publish","type":"page","link":"https:\/\/www.riprope.de\/en\/imprint\/","title":{"rendered":"Imprint"},"content":{"rendered":"<p>[vc_row][vc_column css=&#8221;.vc_custom_1549095307871{padding-top: 3% !important;}&#8221;][vc_column_text]<\/p>\n<h1 style=\"text-align: left;\">Imprint<\/h1>\n<p>[\/vc_column_text][\/vc_column][\/vc_row][vc_row][vc_column][vc_column_text][\/vc_column_text][\/vc_column][\/vc_row][vc_row][vc_column][vc_column_text]<strong>Website operator<br \/>\n<\/strong>Tampen &amp; Meer UG (haftungsbeschr\u00e4nkt)<br \/>\nBeckstra\u00dfe 14<br \/>\n20357 Hamburg<\/p>\n<p>CEO: Dipl.Ing. (FH) Dirk G\u00fcttel<br \/>\nCounty Court, Hamburg, HRB 147865<\/p>\n<p><strong>Contact<br \/>\n<\/strong>Tel.: +49 151 507 402 19<br \/>\nE-Mail: dirk@riprope.de<br \/>\nWeb: www.riprope.de<\/p>\n<p><strong>Copyright<br \/>\n<\/strong>RipRope<\/p>\n<p>&nbsp;<\/p>\n<p><strong>Liability for contents<br \/>\n<\/strong>We strive to keep the contents of our site current and correct. Despite careful processing, liability is excluded. As a service provider we are responsible according to \u00a7 7 Abs.1 TMG for own contents on these sides after the general laws. According to \u00a7\u00a7 8 to 10 TMG we as service providers are not obligated to monitor transmitted or stored third-party information. As soon as infringements become known, we will remove these contents immediately. We assume liability in this respect only from the time we become aware of a possible infringement.<\/p>\n<p><strong>Liability for links<\/strong><br \/>\nDespite careful content control, I assume no liability for the content of external links. For the content of the linked pages their operators are solely responsible.<\/p>\n<p><b>Copyright<br \/>\n<\/b>The contents and works on these pages created by the site operators are subject to German copyright law. Duplication, processing, distribution and any form of commercialization of such material beyond the scope of the copyright law shall require the prior written consent of its creator.<\/p>\n<p><strong>Privacy policy<\/strong><br \/>\nWe would like to point out that data transmission on the Internet can have security gaps. A complete protection of the data against access by third parties is not possible. Confidentiality with regard to data protection regulations is only guaranteed under the above limitation. In particular, all notifications of personal data via the Internet shall only be made if the rights of third parties are not affected. Unless the third party has also declared his consent in the knowledge of the aforementioned security gaps. A liability of the side operator is excluded for the damages resulting from such security gaps or injunctive relief claims. The use of all published contact data by third parties for sending unsolicited advertisements is prohibited. The operators of this website expressly reserve the right to take legal action against unsolicited mailing or e-mailing of spam and other similar advertising materials.[\/vc_column_text][\/vc_column][\/vc_row][vc_row][vc_column][vc_column_text][\/vc_column_text][\/vc_column][\/vc_row][vc_row][vc_column][vc_column_text][gzd_complaints][\/vc_column_text][\/vc_column][\/vc_row]<\/p>\n","protected":false},"excerpt":{"rendered":"<p>[vc_row][vc_column css=&#8221;.vc_custom_1549095307871{padding-top: 3% !important;}&#8221;][vc_column_text] Imprint [\/vc_column_text][\/vc_column][\/vc_row][vc_row][vc_column][vc_column_text][\/vc_column_text][\/vc_column][\/vc_row][vc_row][vc_column][vc_column_text]Website operator Tampen &amp; Meer UG (haftungsbeschr\u00e4nkt) Beckstra\u00dfe 14 20357 Hamburg CEO: Dipl.Ing. (FH) Dirk G\u00fcttel County Court, Hamburg, HRB 147865 Contact Tel.: +49 151 507 402 19 E-Mail: dirk@riprope.de Web: www.riprope.de Copyright RipRope &nbsp; Liability for contents We strive to keep the contents of our site current and correct&#8230;.<\/p>\n","protected":false},"author":1,"featured_media":0,"parent":0,"menu_order":0,"comment_status":"closed","ping_status":"closed","template":"","meta":{"footnotes":""},"yoast_head":"<!-- This site is optimized with the Yoast SEO plugin v22.7 - https:\/\/yoast.com\/wordpress\/plugins\/seo\/ -->\n<title>Imprint | EN - RipRope never lose<\/title>\n<meta name=\"robots\" content=\"index, follow, max-snippet:-1, max-image-preview:large, max-video-preview:-1\" \/>\n<link rel=\"canonical\" href=\"https:\/\/www.riprope.de\/en\/imprint\/\" \/>\n<meta property=\"og:locale\" content=\"en_US\" \/>\n<meta property=\"og:type\" content=\"article\" \/>\n<meta property=\"og:title\" content=\"Imprint | EN - RipRope never lose\" \/>\n<meta property=\"og:description\" content=\"[vc_row][vc_column css=&#8221;.vc_custom_1549095307871{padding-top: 3% !important;}&#8221;][vc_column_text] Imprint [\/vc_column_text][\/vc_column][\/vc_row][vc_row][vc_column][vc_column_text][\/vc_column_text][\/vc_column][\/vc_row][vc_row][vc_column][vc_column_text]Website operator Tampen &amp; Meer UG (haftungsbeschr\u00e4nkt) Beckstra\u00dfe 14 20357 Hamburg CEO: Dipl.Ing. (FH) Dirk G\u00fcttel County Court, Hamburg, HRB 147865 Contact Tel.: +49 151 507 402 19 E-Mail: dirk@riprope.de Web: www.riprope.de Copyright RipRope &nbsp; Liability for contents We strive to keep the contents of our site current and correct....\" \/>\n<meta property=\"og:url\" content=\"https:\/\/www.riprope.de\/en\/imprint\/\" \/>\n<meta property=\"og:site_name\" content=\"EN - RipRope never lose\" \/>\n<meta property=\"article:modified_time\" content=\"2020-08-03T07:04:11+00:00\" \/>\n<meta name=\"twitter:card\" content=\"summary_large_image\" \/>\n<meta name=\"twitter:label1\" content=\"Est. reading time\" \/>\n\t<meta name=\"twitter:data1\" content=\"2 minutes\" \/>\n<script type=\"application\/ld+json\" class=\"yoast-schema-graph\">{\"@context\":\"https:\/\/schema.org\",\"@graph\":[{\"@type\":\"WebPage\",\"@id\":\"https:\/\/www.riprope.de\/en\/imprint\/\",\"url\":\"https:\/\/www.riprope.de\/en\/imprint\/\",\"name\":\"Imprint | EN - RipRope never lose\",\"isPartOf\":{\"@id\":\"https:\/\/www.riprope.de\/en\/#website\"},\"datePublished\":\"2019-03-07T15:52:31+00:00\",\"dateModified\":\"2020-08-03T07:04:11+00:00\",\"breadcrumb\":{\"@id\":\"https:\/\/www.riprope.de\/en\/imprint\/#breadcrumb\"},\"inLanguage\":\"en-US\",\"potentialAction\":[{\"@type\":\"ReadAction\",\"target\":[\"https:\/\/www.riprope.de\/en\/imprint\/\"]}]},{\"@type\":\"BreadcrumbList\",\"@id\":\"https:\/\/www.riprope.de\/en\/imprint\/#breadcrumb\",\"itemListElement\":[{\"@type\":\"ListItem\",\"position\":1,\"name\":\"Startseite\",\"item\":\"https:\/\/www.riprope.de\/en\/\"},{\"@type\":\"ListItem\",\"position\":2,\"name\":\"Imprint\"}]},{\"@type\":\"WebSite\",\"@id\":\"https:\/\/www.riprope.de\/en\/#website\",\"url\":\"https:\/\/www.riprope.de\/en\/\",\"name\":\"EN - RipRope never lose\",\"description\":\"Eine weitere Riprope - Never Lose, Unless You Want! Websites Website\",\"potentialAction\":[{\"@type\":\"SearchAction\",\"target\":{\"@type\":\"EntryPoint\",\"urlTemplate\":\"https:\/\/www.riprope.de\/en\/?s={search_term_string}\"},\"query-input\":\"required name=search_term_string\"}],\"inLanguage\":\"en-US\"}]}<\/script>\n<!-- \/ Yoast SEO plugin. -->","yoast_head_json":{"title":"Imprint | EN - RipRope never lose","robots":{"index":"index","follow":"follow","max-snippet":"max-snippet:-1","max-image-preview":"max-image-preview:large","max-video-preview":"max-video-preview:-1"},"canonical":"https:\/\/www.riprope.de\/en\/imprint\/","og_locale":"en_US","og_type":"article","og_title":"Imprint | EN - RipRope never lose","og_description":"[vc_row][vc_column css=&#8221;.vc_custom_1549095307871{padding-top: 3% !important;}&#8221;][vc_column_text] Imprint [\/vc_column_text][\/vc_column][\/vc_row][vc_row][vc_column][vc_column_text][\/vc_column_text][\/vc_column][\/vc_row][vc_row][vc_column][vc_column_text]Website operator Tampen &amp; Meer UG (haftungsbeschr\u00e4nkt) Beckstra\u00dfe 14 20357 Hamburg CEO: Dipl.Ing. (FH) Dirk G\u00fcttel County Court, Hamburg, HRB 147865 Contact Tel.: +49 151 507 402 19 E-Mail: dirk@riprope.de Web: www.riprope.de Copyright RipRope &nbsp; Liability for contents We strive to keep the contents of our site current and correct....","og_url":"https:\/\/www.riprope.de\/en\/imprint\/","og_site_name":"EN - RipRope never lose","article_modified_time":"2020-08-03T07:04:11+00:00","twitter_card":"summary_large_image","twitter_misc":{"Est. reading time":"2 minutes"},"schema":{"@context":"https:\/\/schema.org","@graph":[{"@type":"WebPage","@id":"https:\/\/www.riprope.de\/en\/imprint\/","url":"https:\/\/www.riprope.de\/en\/imprint\/","name":"Imprint | EN - RipRope never lose","isPartOf":{"@id":"https:\/\/www.riprope.de\/en\/#website"},"datePublished":"2019-03-07T15:52:31+00:00","dateModified":"2020-08-03T07:04:11+00:00","breadcrumb":{"@id":"https:\/\/www.riprope.de\/en\/imprint\/#breadcrumb"},"inLanguage":"en-US","potentialAction":[{"@type":"ReadAction","target":["https:\/\/www.riprope.de\/en\/imprint\/"]}]},{"@type":"BreadcrumbList","@id":"https:\/\/www.riprope.de\/en\/imprint\/#breadcrumb","itemListElement":[{"@type":"ListItem","position":1,"name":"Startseite","item":"https:\/\/www.riprope.de\/en\/"},{"@type":"ListItem","position":2,"name":"Imprint"}]},{"@type":"WebSite","@id":"https:\/\/www.riprope.de\/en\/#website","url":"https:\/\/www.riprope.de\/en\/","name":"EN - RipRope never lose","description":"Eine weitere Riprope - Never Lose, Unless You Want! Websites Website","potentialAction":[{"@type":"SearchAction","target":{"@type":"EntryPoint","urlTemplate":"https:\/\/www.riprope.de\/en\/?s={search_term_string}"},"query-input":"required name=search_term_string"}],"inLanguage":"en-US"}]}},"_links":{"self":[{"href":"https:\/\/www.riprope.de\/en\/wp-json\/wp\/v2\/pages\/24"}],"collection":[{"href":"https:\/\/www.riprope.de\/en\/wp-json\/wp\/v2\/pages"}],"about":[{"href":"https:\/\/www.riprope.de\/en\/wp-json\/wp\/v2\/types\/page"}],"author":[{"embeddable":true,"href":"https:\/\/www.riprope.de\/en\/wp-json\/wp\/v2\/users\/1"}],"replies":[{"embeddable":true,"href":"https:\/\/www.riprope.de\/en\/wp-json\/wp\/v2\/comments?post=24"}],"version-history":[{"count":3,"href":"https:\/\/www.riprope.de\/en\/wp-json\/wp\/v2\/pages\/24\/revisions"}],"predecessor-version":[{"id":269,"href":"https:\/\/www.riprope.de\/en\/wp-json\/wp\/v2\/pages\/24\/revisions\/269"}],"wp:attachment":[{"href":"https:\/\/www.riprope.de\/en\/wp-json\/wp\/v2\/media?parent=24"}],"curies":[{"name":"wp","href":"https:\/\/api.w.org\/{rel}","templated":true}]}}